{"id":41,"date":"2009-12-21T22:22:17","date_gmt":"2009-12-21T21:22:17","guid":{"rendered":"https:\/\/fsg99salza.de\/?page_id=41"},"modified":"2022-07-01T17:38:01","modified_gmt":"2022-07-01T15:38:01","slug":"schiedsrichter-team","status":"publish","type":"page","link":"https:\/\/fsg99salza.de\/?page_id=41","title":{"rendered":"Schiedsrichter werden"},"content":{"rendered":"<p style=\"text-align: left;\"><strong>Schiri werden \u2013 Schiri sein?<\/strong><\/p>\n<p>&nbsp;<\/p>\n<p style=\"text-align: left;\">Das Spiel ist aus, die eigene Mannschaft hat verloren und einer ist daran schuld \u2013 der Schiedsrichter. Woche f\u00fcr Woche wiederholt sich dieses Szenario auf den Fu\u00dfballpl\u00e4tzen. Neben dem Aspekt der Schuldzuweisung w\u00fcrde aber niemand akzeptieren, dass das Spiel ohne professionelle Leitung des Unparteiischen stattfindet. In Deutschland gibt es zig Hunderte Damen und Herren, die sich jedes Wochenende dieser Herausforderung gerne stellen, es ist f\u00fcr sie mehr als ein Hobby. Sie lieben es, korrektes Spiel und Vergehen in Bruchteilen zu unterscheiden und entsprechend zu handeln. Es wird als Herausforderung angesehen, sich permanent anderen Menschen und Situationen auszusetzen.<\/p>\n<p>&nbsp;<\/p>\n<p style=\"text-align: left;\"><strong>Ist Neugierde geweckt?<\/strong><\/p>\n<p>&nbsp;<\/p>\n<p style=\"text-align: left;\">Bei einem Mindestalter von 14 Jahren und guter k\u00f6rperlicher Fitness kann die Ausbildung zum Schiedsrichter begonnen werden. Der Grundkurs auf Kreisebene ist schriftlich und praktisch zu bestehen. Die Regeln und Bestimmungen sind umfangreich und best\u00e4ndig wird das erworbene Wissen in der Praxis erweitert und durch Erfahrungen erg\u00e4nzt. Mit dem n\u00f6tigen Ehrgeiz und Talent, viel Training und Lernbereitschaft steht dem Aufstieg in h\u00f6here Klassen nichts mehr im Weg. Selbst die international bekannten deutschen Schiedsrichter Bibiana Steinhaus, Markus Merk oder Herbert Fandel, um nur einige zu nennen, haben einst in ihren \u00f6rtlichen Vereinen begonnen.<\/p>\n<p>&nbsp;<\/p>\n<p style=\"text-align: left;\">Auch bei der FSG 99 Salza ist man an dieser T\u00e4tigkeit sehr interessiert und steht bei allen Fragen gern Rede und Antwort.<\/p>\n","protected":false},"excerpt":{"rendered":"<p>Schiri werden \u2013 Schiri sein? &nbsp; Das Spiel ist aus, die eigene Mannschaft hat verloren und einer ist daran schuld \u2013 der Schiedsrichter. Woche f\u00fcr Woche wiederholt sich dieses Szenario auf den Fu\u00dfballpl\u00e4tzen. Neben dem Aspekt der Schuldzuweisung w\u00fcrde aber niemand akzeptieren, dass das Spiel ohne professionelle Leitung des Unparteiischen stattfindet. In Deutschland gibt es [&hellip;]<\/p>\n","protected":false},"author":2,"featured_media":0,"parent":0,"menu_order":10,"comment_status":"closed","ping_status":"open","template":"","meta":{"footnotes":""},"class_list":["post-41","page","type-page","status-publish","hentry"],"_links":{"self":[{"href":"https:\/\/fsg99salza.de\/index.php?rest_route=\/wp\/v2\/pages\/41","targetHints":{"allow":["GET"]}}],"collection":[{"href":"https:\/\/fsg99salza.de\/index.php?rest_route=\/wp\/v2\/pages"}],"about":[{"href":"https:\/\/fsg99salza.de\/index.php?rest_route=\/wp\/v2\/types\/page"}],"author":[{"embeddable":true,"href":"https:\/\/fsg99salza.de\/index.php?rest_route=\/wp\/v2\/users\/2"}],"replies":[{"embeddable":true,"href":"https:\/\/fsg99salza.de\/index.php?rest_route=%2Fwp%2Fv2%2Fcomments&post=41"}],"version-history":[{"count":39,"href":"https:\/\/fsg99salza.de\/index.php?rest_route=\/wp\/v2\/pages\/41\/revisions"}],"predecessor-version":[{"id":11257,"href":"https:\/\/fsg99salza.de\/index.php?rest_route=\/wp\/v2\/pages\/41\/revisions\/11257"}],"wp:attachment":[{"href":"https:\/\/fsg99salza.de\/index.php?rest_route=%2Fwp%2Fv2%2Fmedia&parent=41"}],"curies":[{"name":"wp","href":"https:\/\/api.w.org\/{rel}","templated":true}]}}