{"id":33,"date":"2009-12-21T22:19:55","date_gmt":"2009-12-21T21:19:55","guid":{"rendered":"https:\/\/fsg99salza.de\/?page_id=33"},"modified":"2019-07-21T10:37:10","modified_gmt":"2019-07-21T09:37:10","slug":"historie","status":"publish","type":"page","link":"https:\/\/fsg99salza.de\/?page_id=33","title":{"rendered":"Historie &#8211; Sporttradition seit 1881"},"content":{"rendered":"<p style=\"text-align: justify;\">K\u00f6rperert\u00fcchtigung und Vereinssport k\u00f6nnen in SALZA inzwischen auf eine \u00fcber 110-j\u00e4hrige Tradition zur\u00fcckblicken.In der gegenw\u00e4rtigen Struktur existiert die Fu\u00dfball Sport Gemeinschaft\u00b499 Salza e.V.wie im Namen ersichtlich, nach einer Neugr\u00fcndung seit dem Jahr 1999. Nachfolgend bieten wir einen Abriss \u00fcber die Geschichte des Vereinssports und des Fu\u00dfballs im fr\u00fcher eigenst\u00e4ndigen Nordh\u00e4user Ortsteil &#8211; SALZA.&nbsp; Besonderer Dank gilt dem Ehrenmitglied des Vereins, Georg Bracke sowie allen anderen Sportfreunden, die mit pers\u00f6nlichen Erinnerungen und durch \u00dcberlassen von Zeitdokumenten beteiligt waren.<\/p>\n<p style=\"text-align: justify;\"><strong>1881 &#8211; Erste Zeitdokumente<\/strong><\/p>\n<p style=\"text-align: justify;\">Als Beleg f\u00fcr die Gr\u00fcndung des ersten Sportvereins in Salza gilt die Einladung zum 5. Stiftungsfest des Turnvereins &#8222;Friesen&#8220; f\u00fcr den 2. August 1896, in das Gartenlokal des Herrn Reichhardt.Dieses Lokal in Insidern bis in die j\u00fcngste Vergangenheit noch als &#8222;Friedenseiche&#8220; bekannt.An das Gr\u00fcndungsjahr erinnert ebenfalls ein noch existierendes Foto, anl\u00e4sslich des 40-j\u00e4hrigen Stiftungsfestes im August des Jahres 1931.Zum herausragenden Ereignis f\u00fcr die Turnervereinigung Salza (TVS) gestaltete sich die Teilnahme am 1. Deutschen Arbeiter-, Turn- und Sportfest im Juli 1922 in Leipzig. Zur Verbesserung der \u00dcbungsm\u00f6glichkeiten, vor allem f\u00fcr die Turner und Ringer sowie die Abteilung Gymnastik entschlossen sich die Verantwortlichen die Gastst\u00e4tte &#8222;Zur Friedenseiche&#8220; zu erwerben.Nach einer einzigartigen Aktion der Sportler und der Bev\u00f6lkerung Salza\u00b4s konnte 1929 mit Hilfe von Spenden und durch den Verkauf von Wertmarken, die &#8222;Bausteine&#8220; genannt wurden, der Traum vom eigenen Vereinslokal verwirklicht werden.<\/p>\n<p style=\"text-align: center;\"><img loading=\"lazy\" decoding=\"async\" class=\"size-full wp-image-126 aligncenter\" title=\"hist01\" src=\"https:\/\/fsg99salza.de\/wp-content\/uploads\/2009\/12\/hist01.jpg\" alt=\"hist01\" width=\"301\" height=\"451\" srcset=\"https:\/\/fsg99salza.de\/wp-content\/uploads\/2009\/12\/hist01.jpg 301w, https:\/\/fsg99salza.de\/wp-content\/uploads\/2009\/12\/hist01-200x300.jpg 200w\" sizes=\"auto, (max-width: 301px) 100vw, 301px\" \/><\/p>\n<p style=\"text-align: justify;\">Als man 1931 das 40-j\u00e4hrige Bestehen der TVS feierte, z\u00e4hlte die Gemeinschaft bereits 500 Mitglieder in den Sektionen: Fu\u00dfball &#8211; Handball &#8211; Turnen &#8211; Gymnastik &#8211; Leichtathletik &#8211; Ringen &#8211; Faustball und Schwimmen.Bis zum Jahr 1933 war die Entwicklung des Vereinslebens eng mit den Namen: Karl Henze, Wilhelm Bracke, Fritz B\u00fccking, Rudolf Sch\u00fctze, Albert Koch, Hermann Mohr, Richard Saalfeld und Oskar Eitelj\u00f6rge verbunden. Diese Namen sind wohl nur noch den \u00e4ltesten Salzaern aus eigener Erinnerung bekannt. Zu Ehren und zur Erinnerung an Karl Henze, einem herausragenden Turner und findigem Funktion\u00e4r tr\u00e4gt der Sportplatz in Salza seinen Namen.<br \/>\nObwohl bereits 1900 der DFB in Leipzig seine Gr\u00fcndungsversammlung hatte, bestand seitens der Verantwortlichen der TVS anf\u00e4nglich wenig Interesse an dem damals noch wenig attraktiven und an technischen Voraussetzungen relativ aufwendigem Fu\u00dfballspielen. So erfolgte der Aufbau der Fu\u00dfballsparte erst in den Jahren 1925 bis 1927.<\/p>\n<p style=\"text-align: center;\"><img loading=\"lazy\" decoding=\"async\" class=\"size-full wp-image-123 aligncenter\" title=\"hist02\" src=\"https:\/\/fsg99salza.de\/wp-content\/uploads\/2009\/12\/hist02.jpg\" alt=\"hist02\" width=\"490\" height=\"301\" srcset=\"https:\/\/fsg99salza.de\/wp-content\/uploads\/2009\/12\/hist02.jpg 599w, https:\/\/fsg99salza.de\/wp-content\/uploads\/2009\/12\/hist02-300x184.jpg 300w\" sizes=\"auto, (max-width: 490px) 100vw, 490px\" \/>1. M\u00e4nnermannschaft &#8211; 1928 ( Sportplatz gegen\u00fcber der Weberei &#8222;Geist&#8220;)<\/p>\n<p style=\"text-align: justify;\"><strong>1933 &#8211; 1945<\/strong><\/p>\n<p style=\"text-align: justify;\">Nach der Macht\u00fcbernahme durch die Nationalsozialisten in Deutschland, begannen auch im vorwiegend von der Arbeiterklasse gepr\u00e4gten Salza schwere Zeiten f\u00fcr die Sportbewegung.<\/p>\n<p style=\"text-align: center;\"><img loading=\"lazy\" decoding=\"async\" class=\"size-full wp-image-135 aligncenter\" title=\"hist03\" src=\"https:\/\/fsg99salza.de\/wp-content\/uploads\/2009\/12\/hist03.jpg\" alt=\"hist03\" width=\"396\" height=\"547\" srcset=\"https:\/\/fsg99salza.de\/wp-content\/uploads\/2009\/12\/hist03.jpg 396w, https:\/\/fsg99salza.de\/wp-content\/uploads\/2009\/12\/hist03-217x300.jpg 217w\" sizes=\"auto, (max-width: 396px) 100vw, 396px\" \/><\/p>\n<p style=\"text-align: justify;\">Der Arbeiter-, Turn- und Sportverein wurde verboten und s\u00e4mtliches Eigentum, auch das Vereinslokal &#8222;Zur Friedenseiche&#8220; konfisziert. Die Entwicklung des Fu\u00dfballsports konnte dies jedoch nicht aufhalten und man konzentrierte sich in dieser Zeit und dies recht erfolgreich auf die Entwicklung im Jugendbereich. Bis zum Jahr 1931 waren fast 500 Mitglieder in der TV-Salza registriert. Die A-Junioren konnte sich in Nordth\u00fcringen als Spitzenmannschaft behaupten und 6 Spieler dieser Mannschaft wurden in die Bannauswahl berufen. F\u00fcr die Nachwuchsarbeit w\u00e4hrend dieser Zeit waren Hermann Strecker und Alfred Stade verantwortlich.<\/p>\n<p style=\"text-align: center;\"><img loading=\"lazy\" decoding=\"async\" class=\"size-full wp-image-132 aligncenter\" title=\"hist04\" src=\"https:\/\/fsg99salza.de\/wp-content\/uploads\/2009\/12\/hist04.jpg\" alt=\"hist04\" width=\"486\" height=\"305\" srcset=\"https:\/\/fsg99salza.de\/wp-content\/uploads\/2009\/12\/hist04.jpg 690w, https:\/\/fsg99salza.de\/wp-content\/uploads\/2009\/12\/hist04-300x188.jpg 300w\" sizes=\"auto, (max-width: 486px) 100vw, 486px\" \/><\/p>\n<p style=\"text-align: center;\">Salza Junioren (hintere Reihe)<\/p>\n<p style=\"text-align: justify;\">Da die Arbeitersportvereine und auch b\u00fcrgerliche Gruppierungen in ganz Deutschland faktisch nicht mehr existierten, wurde der Spielbetrieb der 1. Fu\u00dfball- mannschaft in Salza im Rahmen des &#8222;Nationalsozialistischen Sportbundes&#8220; bis zu Kriegsbeginn 1939 fortgef\u00fchrt. Besonders erfolgreich war das Spieljahr 1935 \/ 1936, das man als Staffelmeister Nordth\u00fcringens beenden konnte. In Leitungspositionen waren zu dieser Zeit nur noch f\u00fchrende Nationalsozialisten zu finden.<\/p>\n","protected":false},"excerpt":{"rendered":"<p>K\u00f6rperert\u00fcchtigung und Vereinssport k\u00f6nnen in SALZA inzwischen auf eine \u00fcber 110-j\u00e4hrige Tradition zur\u00fcckblicken.In der gegenw\u00e4rtigen Struktur existiert die Fu\u00dfball Sport Gemeinschaft\u00b499 Salza e.V.wie im Namen ersichtlich, nach einer Neugr\u00fcndung seit dem Jahr 1999. Nachfolgend bieten wir einen Abriss \u00fcber die Geschichte des Vereinssports und des Fu\u00dfballs im fr\u00fcher eigenst\u00e4ndigen Nordh\u00e4user Ortsteil &#8211; SALZA.&nbsp; Besonderer Dank [&hellip;]<\/p>\n","protected":false},"author":2,"featured_media":0,"parent":0,"menu_order":7,"comment_status":"closed","ping_status":"open","template":"","meta":{"footnotes":""},"class_list":["post-33","page","type-page","status-publish","hentry"],"_links":{"self":[{"href":"https:\/\/fsg99salza.de\/index.php?rest_route=\/wp\/v2\/pages\/33","targetHints":{"allow":["GET"]}}],"collection":[{"href":"https:\/\/fsg99salza.de\/index.php?rest_route=\/wp\/v2\/pages"}],"about":[{"href":"https:\/\/fsg99salza.de\/index.php?rest_route=\/wp\/v2\/types\/page"}],"author":[{"embeddable":true,"href":"https:\/\/fsg99salza.de\/index.php?rest_route=\/wp\/v2\/users\/2"}],"replies":[{"embeddable":true,"href":"https:\/\/fsg99salza.de\/index.php?rest_route=%2Fwp%2Fv2%2Fcomments&post=33"}],"version-history":[{"count":13,"href":"https:\/\/fsg99salza.de\/index.php?rest_route=\/wp\/v2\/pages\/33\/revisions"}],"predecessor-version":[{"id":9960,"href":"https:\/\/fsg99salza.de\/index.php?rest_route=\/wp\/v2\/pages\/33\/revisions\/9960"}],"wp:attachment":[{"href":"https:\/\/fsg99salza.de\/index.php?rest_route=%2Fwp%2Fv2%2Fmedia&parent=33"}],"curies":[{"name":"wp","href":"https:\/\/api.w.org\/{rel}","templated":true}]}}