{"id":27,"date":"2022-07-02T20:00:26","date_gmt":"2022-07-02T18:00:26","guid":{"rendered":"https:\/\/fsg99salza.de\/?page_id=27"},"modified":"2022-10-12T18:00:00","modified_gmt":"2022-10-12T16:00:00","slug":"struktur","status":"publish","type":"page","link":"https:\/\/fsg99salza.de\/?page_id=27","title":{"rendered":"Verein"},"content":{"rendered":"<p style=\"text-align: left;\"><strong>Pr\u00e4sidium:<\/strong><\/p>\n<p style=\"text-align: left;\">Frank Kirchhoff &#8211; Pr\u00e4sident<br \/>\nHeiko R\u00f6der &#8211; Vizepr\u00e4sident<br \/>\nUwe Joch &#8211; Vizepr\u00e4sident<br \/>\nMaximilian Kirchhoff &#8211; Schatzmeister<br \/>\nTobias Bischoff &#8211; Schriftf\u00fchrer<\/p>\n<p style=\"text-align: left;\">&nbsp;<\/p>\n<p style=\"text-align: left;\"><strong>Spielst\u00e4tten:<\/strong><\/p>\n<p style=\"text-align: left;\"><a href=\"https:\/\/www.google.de\/maps\/@51.5232975,10.7695086,18z\"><strong>Karl-Henze-Sportplatz<\/strong><\/a> | Stra\u00dfe der Opfer des Faschismus | 99734 Nordhausen &#8211; Salza<\/p>\n<p><a href=\"https:\/\/www.google.de\/maps\/@51.5090636,10.7774195,18z\"><strong>Sportplatz Am Salzagrabe<\/strong><\/a>n | Am Salzagraben | 99734 Nordhausen<\/p>\n<p>&nbsp;<\/p>\n<p style=\"text-align: left;\"><strong>Gesch\u00e4ftsstelle:<\/strong><\/p>\n<p style=\"text-align: left;\">Stra\u00dfe der Opfer des Faschismus 80<br \/>\n99734 Nordhausen &#8211; Salza<\/p>\n<p style=\"text-align: left;\">&nbsp;<\/p>\n<p style=\"text-align: left;\"><strong>Postanschrift:<\/strong><\/p>\n<p style=\"text-align: left;\">Postfach 100 653<br \/>\n99726 Nordhausen<\/p>\n<p>&nbsp;<\/p>\n<p><strong>Erreichbarkeit:<\/strong><\/p>\n<p style=\"text-align: left;\">Tel.: 03631 901336<\/p>\n<p style=\"text-align: left;\">E-Mail: fsg99salza@t-online.de<\/p>\n","protected":false},"excerpt":{"rendered":"<p>Pr\u00e4sidium: Frank Kirchhoff &#8211; Pr\u00e4sident Heiko R\u00f6der &#8211; Vizepr\u00e4sident Uwe Joch &#8211; Vizepr\u00e4sident Maximilian Kirchhoff &#8211; Schatzmeister Tobias Bischoff &#8211; Schriftf\u00fchrer &nbsp; Spielst\u00e4tten: Karl-Henze-Sportplatz | Stra\u00dfe der Opfer des Faschismus | 99734 Nordhausen &#8211; Salza Sportplatz Am Salzagraben | Am Salzagraben | 99734 Nordhausen &nbsp; Gesch\u00e4ftsstelle: Stra\u00dfe der Opfer des Faschismus 80 99734 Nordhausen &#8211; [&hellip;]<\/p>\n","protected":false},"author":1,"featured_media":0,"parent":0,"menu_order":4,"comment_status":"closed","ping_status":"open","template":"","meta":{"footnotes":""},"class_list":["post-27","page","type-page","status-publish","hentry"],"_links":{"self":[{"href":"https:\/\/fsg99salza.de\/index.php?rest_route=\/wp\/v2\/pages\/27","targetHints":{"allow":["GET"]}}],"collection":[{"href":"https:\/\/fsg99salza.de\/index.php?rest_route=\/wp\/v2\/pages"}],"about":[{"href":"https:\/\/fsg99salza.de\/index.php?rest_route=\/wp\/v2\/types\/page"}],"author":[{"embeddable":true,"href":"https:\/\/fsg99salza.de\/index.php?rest_route=\/wp\/v2\/users\/1"}],"replies":[{"embeddable":true,"href":"https:\/\/fsg99salza.de\/index.php?rest_route=%2Fwp%2Fv2%2Fcomments&post=27"}],"version-history":[{"count":28,"href":"https:\/\/fsg99salza.de\/index.php?rest_route=\/wp\/v2\/pages\/27\/revisions"}],"predecessor-version":[{"id":11654,"href":"https:\/\/fsg99salza.de\/index.php?rest_route=\/wp\/v2\/pages\/27\/revisions\/11654"}],"wp:attachment":[{"href":"https:\/\/fsg99salza.de\/index.php?rest_route=%2Fwp%2Fv2%2Fmedia&parent=27"}],"curies":[{"name":"wp","href":"https:\/\/api.w.org\/{rel}","templated":true}]}}