{"id":13925,"date":"2026-02-22T11:05:38","date_gmt":"2026-02-22T10:05:38","guid":{"rendered":"https:\/\/fsg99salza.de\/?page_id=13925"},"modified":"2026-02-22T11:52:50","modified_gmt":"2026-02-22T10:52:50","slug":"teamsport-vereinsshop","status":"publish","type":"page","link":"https:\/\/fsg99salza.de\/?page_id=13925","title":{"rendered":"TEAMSPORT &#8211; Vereinsshop"},"content":{"rendered":"<p><a href=\"https:\/\/team.jako.com\/de-de\/team\/fsg_99_salza\/\"><img loading=\"lazy\" decoding=\"async\" class=\"wp-image-13926 size-full aligncenter\" src=\"https:\/\/fsg99salza.de\/wp-content\/uploads\/2026\/02\/Screenshot-2026-02-22-at-11-17-52-2022_10_11-NEU-VEREINSDRUCK-FSG-99-SALZA-Vorlage-ab-11.10.2022.cdr-2026_02_04-FSG-99-SALZA-QR-Code.pdf.png\" alt=\"\" width=\"398\" height=\"562\" srcset=\"https:\/\/fsg99salza.de\/wp-content\/uploads\/2026\/02\/Screenshot-2026-02-22-at-11-17-52-2022_10_11-NEU-VEREINSDRUCK-FSG-99-SALZA-Vorlage-ab-11.10.2022.cdr-2026_02_04-FSG-99-SALZA-QR-Code.pdf.png 398w, https:\/\/fsg99salza.de\/wp-content\/uploads\/2026\/02\/Screenshot-2026-02-22-at-11-17-52-2022_10_11-NEU-VEREINSDRUCK-FSG-99-SALZA-Vorlage-ab-11.10.2022.cdr-2026_02_04-FSG-99-SALZA-QR-Code.pdf-212x300.png 212w, https:\/\/fsg99salza.de\/wp-content\/uploads\/2026\/02\/Screenshot-2026-02-22-at-11-17-52-2022_10_11-NEU-VEREINSDRUCK-FSG-99-SALZA-Vorlage-ab-11.10.2022.cdr-2026_02_04-FSG-99-SALZA-QR-Code.pdf-106x150.png 106w\" sizes=\"auto, (max-width: 398px) 100vw, 398px\" \/><\/a><\/p>\n<p>In Zusammenarbeit mit TEAMSPORT NORDHAUSEN und unserem Ausr\u00fcster JAKO haben wir unseren eigenen <a href=\"https:\/\/team.jako.com\/de-de\/team\/fsg_99_salza\/\"><strong>Fanshop<\/strong><\/a> erstellt.<\/p>\n<p>Ab sofort k\u00f6nnt Ihr hier ausgew\u00e4hlte, hochwertige Sport- und Freizeitkleidung in unseren Vereinsfarben erwerben.<\/p>\n<p>Und das alles zu tollen Konditionen und einem super Service. Alle Preise sind vereinsrabattiert, inkl. Druck. lt. Vorlage. Nummer oder Initialen k\u00f6nnen optional dazu bestellt werden.<\/p>\n<p>&nbsp;<\/p>\n<p>&nbsp;<\/p>\n<p>&nbsp;<\/p>\n<p>&nbsp;<\/p>\n<p>&nbsp;<\/p>\n","protected":false},"excerpt":{"rendered":"<p>In Zusammenarbeit mit TEAMSPORT NORDHAUSEN und unserem Ausr\u00fcster JAKO haben wir unseren eigenen Fanshop erstellt. Ab sofort k\u00f6nnt Ihr hier ausgew\u00e4hlte, hochwertige Sport- und Freizeitkleidung in unseren Vereinsfarben erwerben. Und das alles zu tollen Konditionen und einem super Service. Alle Preise sind vereinsrabattiert, inkl. Druck. lt. Vorlage. Nummer oder Initialen k\u00f6nnen optional dazu bestellt werden. [&hellip;]<\/p>\n","protected":false},"author":1,"featured_media":0,"parent":0,"menu_order":0,"comment_status":"closed","ping_status":"closed","template":"","meta":{"footnotes":""},"class_list":["post-13925","page","type-page","status-publish","hentry"],"_links":{"self":[{"href":"https:\/\/fsg99salza.de\/index.php?rest_route=\/wp\/v2\/pages\/13925","targetHints":{"allow":["GET"]}}],"collection":[{"href":"https:\/\/fsg99salza.de\/index.php?rest_route=\/wp\/v2\/pages"}],"about":[{"href":"https:\/\/fsg99salza.de\/index.php?rest_route=\/wp\/v2\/types\/page"}],"author":[{"embeddable":true,"href":"https:\/\/fsg99salza.de\/index.php?rest_route=\/wp\/v2\/users\/1"}],"replies":[{"embeddable":true,"href":"https:\/\/fsg99salza.de\/index.php?rest_route=%2Fwp%2Fv2%2Fcomments&post=13925"}],"version-history":[{"count":7,"href":"https:\/\/fsg99salza.de\/index.php?rest_route=\/wp\/v2\/pages\/13925\/revisions"}],"predecessor-version":[{"id":13939,"href":"https:\/\/fsg99salza.de\/index.php?rest_route=\/wp\/v2\/pages\/13925\/revisions\/13939"}],"wp:attachment":[{"href":"https:\/\/fsg99salza.de\/index.php?rest_route=%2Fwp%2Fv2%2Fmedia&parent=13925"}],"curies":[{"name":"wp","href":"https:\/\/api.w.org\/{rel}","templated":true}]}}